{"id":4817,"date":"2025-11-20T11:40:47","date_gmt":"2025-11-20T10:40:47","guid":{"rendered":"https:\/\/hrvatska-citaonica-bol.hr\/?page_id=4817"},"modified":"2025-11-21T08:26:47","modified_gmt":"2025-11-21T07:26:47","slug":"pravo-na-pristup-informacijama","status":"publish","type":"page","link":"http:\/\/hrvatska-citaonica-bol.hr\/?page_id=4817","title":{"rendered":"Pravo na pristup informacijama"},"content":{"rendered":"\n<p>Op\u0107inska knji\u017enica posluje kao javna ustanova kojoj su otvorenost i dostupnost informacija jedno od temeljnih na\u010dela rada. Na ovoj stranici mo\u017eete prona\u0107i sve klju\u010dne dokumente vezane uz ostvarivanje prava na pristup informacijama, sukladno Zakonu o pravu na pristup informacijama.<\/p>\n\n\n\n<p>Ovdje su dostupni op\u0107i akti knji\u017enice (poput Statuta i njegovih izmjena), podaci o slu\u017ebeniku za informiranje, kao i obrasci koje mo\u017eete koristiti ako \u017eelite:<\/p>\n\n\n\n<ul>\n<li>zatra\u017eiti pristup informacijama<\/li>\n\n\n\n<li>zatra\u017eiti dopunu ili ispravak ve\u0107 dobivenih informacija<\/li>\n\n\n\n<li>zatra\u017eiti ponovnu uporabu informacija<\/li>\n<\/ul>\n\n\n\n<p>Dokumenti su dostupni u elektroni\u010dkom obliku (PDF ili Word) i mo\u017eete ih jednostavno preuzeti klikom na poveznice.<\/p>\n\n\n\n<p>U donjem dijelu stranice nalaze se i godi\u0161nja izvje\u0161\u0107a o radu knji\u017enice, kako biste imali uvid u na\u0161e programe, aktivnosti i ostvarene rezultate tijekom godina. Na taj na\u010din \u017eelimo osigurati da rad knji\u017enice bude \u0161to transparentniji i bli\u017ei svojim korisnicima.<\/p>\n\n\n\n<p><strong>Obavijest o na\u010dinu ostvarivanja prava na pristup informacijama<\/strong><br>Dokument s osnovnim informacijama o tome kome se mo\u017eete obratiti, na koji na\u010din i u kojim rokovima ostvarujete svoje pravo na pristup informacijama knji\u017enice.<\/p>\n\n\n\n<div class=\"wp-block-file\"><a id=\"wp-block-file--media-16b25edd-21d6-444e-88fe-0e81dabcadb6\" href=\"https:\/\/hrvatska-citaonica-bol.hr\/wp-content\/uploads\/2025\/11\/Obavijest-o-nacinu-ostvarivanja-prava-na-pristup-informacijama.pdf\" target=\"_blank\" rel=\"noreferrer noopener\">Obavijest-o-nacinu-ostvarivanja-prava-na-pristup-informacijama<\/a><a href=\"https:\/\/hrvatska-citaonica-bol.hr\/wp-content\/uploads\/2025\/11\/Obavijest-o-nacinu-ostvarivanja-prava-na-pristup-informacijama.pdf\" class=\"wp-block-file__button wp-element-button\" download aria-describedby=\"wp-block-file--media-16b25edd-21d6-444e-88fe-0e81dabcadb6\">Preuzmi<\/a><\/div>\n\n\n\n<p><strong>Odluka o imenovanju slu\u017ebenika za informiranje<\/strong><br>Akt kojim se slu\u017ebeno imenuje osoba zadu\u017eena za pru\u017eanje informacija korisnicima i zaprimanje zahtjeva za pristup informacijama.<\/p>\n\n\n\n<div class=\"wp-block-file\"><a id=\"wp-block-file--media-ae5abe60-a165-4403-b4a1-d9d03b15be28\" href=\"https:\/\/hrvatska-citaonica-bol.hr\/wp-content\/uploads\/2025\/11\/Odluka-o-imenovanju-sluzbenika-za-informiranje.pdf\" target=\"_blank\" rel=\"noreferrer noopener\">Odluka-o-imenovanju-sluzbenika-za-informiranje<\/a><a href=\"https:\/\/hrvatska-citaonica-bol.hr\/wp-content\/uploads\/2025\/11\/Odluka-o-imenovanju-sluzbenika-za-informiranje.pdf\" class=\"wp-block-file__button wp-element-button\" download aria-describedby=\"wp-block-file--media-ae5abe60-a165-4403-b4a1-d9d03b15be28\">Preuzmi<\/a><\/div>\n\n\n\n<p><strong>Zahtjev za pristup informacijama<\/strong><br>Obrazac koji koristite kada \u017eelite zatra\u017eiti pristup informacijama kojima raspola\u017ee op\u0107inska knji\u017enica.<\/p>\n\n\n\n<div class=\"wp-block-file\"><a id=\"wp-block-file--media-2a7739b0-f23b-4c89-bd6d-24f3f2bc7e30\" href=\"https:\/\/hrvatska-citaonica-bol.hr\/wp-content\/uploads\/2025\/11\/Zahtjev-za-pristup-informacijama.pdf\" target=\"_blank\" rel=\"noreferrer noopener\">Zahtjev-za-pristup-informacijama<\/a><a href=\"https:\/\/hrvatska-citaonica-bol.hr\/wp-content\/uploads\/2025\/11\/Zahtjev-za-pristup-informacijama.pdf\" class=\"wp-block-file__button wp-element-button\" download aria-describedby=\"wp-block-file--media-2a7739b0-f23b-4c89-bd6d-24f3f2bc7e30\">Preuzmi<\/a><\/div>\n\n\n\n<p><strong>Zahtjev za dopunu ili ispravak informacija<\/strong><br>Obrazac namijenjen korisnicima koji smatraju da je dostavljena informacija nepotpuna ili neto\u010dna, te tra\u017ee njezinu dopunu ili ispravak.<\/p>\n\n\n\n<div class=\"wp-block-file\"><a id=\"wp-block-file--media-99d13ecf-52a8-4233-8637-5c4569a07594\" href=\"https:\/\/hrvatska-citaonica-bol.hr\/wp-content\/uploads\/2025\/11\/Zahtjev-za-dopunu-ili-ispravak-informacije.pdf\" target=\"_blank\" rel=\"noreferrer noopener\">Zahtjev-za-dopunu-ili-ispravak-informacije<\/a><a href=\"https:\/\/hrvatska-citaonica-bol.hr\/wp-content\/uploads\/2025\/11\/Zahtjev-za-dopunu-ili-ispravak-informacije.pdf\" class=\"wp-block-file__button wp-element-button\" download aria-describedby=\"wp-block-file--media-99d13ecf-52a8-4233-8637-5c4569a07594\">Preuzmi<\/a><\/div>\n\n\n\n<p><strong>Zahtjev za ponovnu uporabu informacija<\/strong><br>Obrazac koji se koristi kada \u017eelite informacije knji\u017enice upotrijebiti u druge svrhe (npr. u publikacijama, projektima ili digitalnim uslugama).<\/p>\n\n\n\n<div class=\"wp-block-file\"><a id=\"wp-block-file--media-f1260dcb-3cdc-4250-935b-b9c2f992df6d\" href=\"https:\/\/hrvatska-citaonica-bol.hr\/wp-content\/uploads\/2025\/11\/Zahtjev-za-ponovnu-uporabu-informacija.pdf\" target=\"_blank\" rel=\"noreferrer noopener\">Zahtjev-za-ponovnu-uporabu-informacija<\/a><a href=\"https:\/\/hrvatska-citaonica-bol.hr\/wp-content\/uploads\/2025\/11\/Zahtjev-za-ponovnu-uporabu-informacija.pdf\" class=\"wp-block-file__button wp-element-button\" download aria-describedby=\"wp-block-file--media-f1260dcb-3cdc-4250-935b-b9c2f992df6d\">Preuzmi<\/a><\/div>\n\n\n\n<p><strong>Statut Op\u0107inske knji\u017enice Bol<\/strong><br>Temeljni akt kojim su ure\u0111ena organizacija, djelatnost, upravljanje i na\u010din rada op\u0107inske knji\u017enice.<\/p>\n\n\n\n<div class=\"wp-block-file\"><a id=\"wp-block-file--media-52becc2d-bbea-4045-ad31-15dcdea8f9ae\" href=\"https:\/\/hrvatska-citaonica-bol.hr\/wp-content\/uploads\/2025\/11\/Statut-Opcinske-knjiznice-Bol.pdf\" target=\"_blank\" rel=\"noreferrer noopener\">Statut-Opcinske-knjiznice-Bol<\/a><a href=\"https:\/\/hrvatska-citaonica-bol.hr\/wp-content\/uploads\/2025\/11\/Statut-Opcinske-knjiznice-Bol.pdf\" class=\"wp-block-file__button wp-element-button\" download aria-describedby=\"wp-block-file--media-52becc2d-bbea-4045-ad31-15dcdea8f9ae\">Preuzmi<\/a><\/div>\n\n\n\n<p><strong>Izmjene i dopune Statuta 2023.<\/strong><br>Dokumenti kojima se mijenjaju ili nadopunjuju pojedine odredbe Statuta, u skladu s va\u017ee\u0107im propisima i potrebama rada knji\u017enice.<\/p>\n\n\n\n<div class=\"wp-block-file\"><a id=\"wp-block-file--media-cd3e969d-4547-4da2-af4e-b6df29321e36\" href=\"https:\/\/hrvatska-citaonica-bol.hr\/wp-content\/uploads\/2025\/11\/Izmjene-i-dopune-Statuta-2023.pdf\" target=\"_blank\" rel=\"noreferrer noopener\">Izmjene-i-dopune-Statuta-2023<\/a><a href=\"https:\/\/hrvatska-citaonica-bol.hr\/wp-content\/uploads\/2025\/11\/Izmjene-i-dopune-Statuta-2023.pdf\" class=\"wp-block-file__button wp-element-button\" download aria-describedby=\"wp-block-file--media-cd3e969d-4547-4da2-af4e-b6df29321e36\">Preuzmi<\/a><\/div>\n\n\n\n<h2>Najnovija izvje\u0161\u0107a<\/h2>\n\n\n<ul class=\"wp-block-latest-posts__list wp-block-latest-posts\"><li><a class=\"wp-block-latest-posts__post-title\" href=\"http:\/\/hrvatska-citaonica-bol.hr\/?p=2393\">Statut Op\u0107inske knji\u017enice &#8220;Hrvatska \u010ditaonica&#8221; Bol<\/a><div class=\"wp-block-latest-posts__post-excerpt\">Dokumenti: Statut Op\u0107inske knji\u017enice &#8220;Hrvatska \u010ditaonica&#8221; Bol<\/div><\/li>\n<li><a class=\"wp-block-latest-posts__post-title\" href=\"http:\/\/hrvatska-citaonica-bol.hr\/?p=2390\">Pravilnik o radu<\/a><div class=\"wp-block-latest-posts__post-excerpt\">Dokumenti: Pravilnik o radu<\/div><\/li>\n<li><a class=\"wp-block-latest-posts__post-title\" href=\"http:\/\/hrvatska-citaonica-bol.hr\/?p=2387\">Zakon o knji\u017enicama i knji\u017eni\u010dnoj djelatnosti<\/a><div class=\"wp-block-latest-posts__post-excerpt\">Dokumenti: Zakon o knji\u017enicama i knji\u017eni\u010dnoj djelatnosti<\/div><\/li>\n<\/ul>\n\n\n<p>Sva izvje\u0161\u0107a mo\u017eete pogledati u rubrici <a href=\"https:\/\/hrvatska-citaonica-bol.hr\/?cat=4\" data-type=\"URL\" data-id=\"https:\/\/hrvatska-citaonica-bol.hr\/?cat=4\">Godi\u0161nja i druga izvje\u0161\u0107a<\/a>.<\/p>\n","protected":false},"excerpt":{"rendered":"<p>Op\u0107inska knji\u017enica posluje kao javna ustanova kojoj su otvorenost i dostupnost informacija jedno od temeljnih na\u010dela rada. Na ovoj stranici mo\u017eete prona\u0107i sve klju\u010dne dokumente vezane uz ostvarivanje prava na pristup informacijama, sukladno Zakonu o pravu na pristup informacijama. Ovdje<a class=\"more-link\" href=\"http:\/\/hrvatska-citaonica-bol.hr\/?page_id=4817\" title=\"Pravo na pristup informacijama\"><span>Pro\u010ditaj vi\u0161e&#8230;<\/span><\/a><\/p>\n","protected":false},"author":3,"featured_media":0,"parent":0,"menu_order":0,"comment_status":"closed","ping_status":"closed","template":"","meta":[],"_links":{"self":[{"href":"http:\/\/hrvatska-citaonica-bol.hr\/index.php?rest_route=\/wp\/v2\/pages\/4817"}],"collection":[{"href":"http:\/\/hrvatska-citaonica-bol.hr\/index.php?rest_route=\/wp\/v2\/pages"}],"about":[{"href":"http:\/\/hrvatska-citaonica-bol.hr\/index.php?rest_route=\/wp\/v2\/types\/page"}],"author":[{"embeddable":true,"href":"http:\/\/hrvatska-citaonica-bol.hr\/index.php?rest_route=\/wp\/v2\/users\/3"}],"replies":[{"embeddable":true,"href":"http:\/\/hrvatska-citaonica-bol.hr\/index.php?rest_route=%2Fwp%2Fv2%2Fcomments&post=4817"}],"version-history":[{"count":4,"href":"http:\/\/hrvatska-citaonica-bol.hr\/index.php?rest_route=\/wp\/v2\/pages\/4817\/revisions"}],"predecessor-version":[{"id":4866,"href":"http:\/\/hrvatska-citaonica-bol.hr\/index.php?rest_route=\/wp\/v2\/pages\/4817\/revisions\/4866"}],"wp:attachment":[{"href":"http:\/\/hrvatska-citaonica-bol.hr\/index.php?rest_route=%2Fwp%2Fv2%2Fmedia&parent=4817"}],"curies":[{"name":"wp","href":"https:\/\/api.w.org\/{rel}","templated":true}]}}