{"id":58,"date":"2017-05-14T11:25:43","date_gmt":"2017-05-14T09:25:43","guid":{"rendered":"http:\/\/hrvatska-citaonica-bol.hr\/?page_id=58"},"modified":"2017-10-06T13:20:08","modified_gmt":"2017-10-06T11:20:08","slug":"katalog-knjiga","status":"publish","type":"page","link":"http:\/\/hrvatska-citaonica-bol.hr\/?page_id=58","title":{"rendered":"Katalog knjiga"},"content":{"rendered":"<p>Op\u0107inska knji\u017enica <em>Hrvatska \u010ditaonica<\/em> Bol osnovana je 1985. godine. Zapo\u010dela je s fondom od 1 000 knjiga, a danas raspola\u017ee s 21 000 knjiga.<\/p>\n<p>Posebno mjesto zauzima zbirka knjiga, separata, monografija, kataloga, spisa, zbornika i drugih djela koja su na bilo koji na\u010din vezana za Bra\u010d okupljena pod zajedni\u010dkim nazivom\u00a0<b>Zavi\u010dajna zbirka<\/b>, koja broji preko 500 naslova.<\/p>\n<p>Na\u0161u cjelokupnu gra\u0111u mo\u017eete pretra\u017eivati pomo\u0107u ni\u017ee navedene forme ili na stranicama <a href=\"http:\/\/library.foi.hr\/m3\/ksr1.php?B=74&amp;N=50&amp;V=X3&amp;J=&amp;K=&amp;O=&amp;H=&amp;S=&amp;upit=\">METELwin-a<\/a>.<\/p>\n<form id=\"form1\" class=\"forma1\" action=\"http:\/\/library.foi.hr\/m3\/ksr1.php\" method=\"get\" name=\"form1\" target=\"_blank\"><label><input id=\"upit\" style=\"width: 100%;\" tabindex=\"1\" maxlength=\"100\" name=\"upit\" type=\"text\" value=\"\" placeholder=\"Unesite pojam za pretragu...\" \/><input id=\"LO\" name=\"LO\" type=\"hidden\" value=\"\" \/><input id=\"B\" name=\"B\" type=\"hidden\" value=\"74\" \/><\/label><label><select id=\"V\" style=\"width: 100%;\" tabindex=\"2\" name=\"V\"><option title=\"sve vrste gra\u0111e \" selected=\"selected\" value=\"Y\">Sve vrste gra\u0111e<\/option><option title=\"crta\" disabled=\"disabled\" value=\"YC\">&#8212;&#8212;&#8212;&#8212;&#8212;&#8212;&#8212;&#8212;&#8212;&#8212;&#8212;&#8212;&#8212;&#8212;&#8212;&#8212;&#8212;&#8212;-<\/option><option title=\"monografije \" value=\"X1\">Monografije<\/option><option title=\"serijske publikacije \" value=\"X2\">Serijske publikacije<\/option><option title=\"AV gra\u0111a \" value=\"X3\">AV gra\u0111a<\/option><option title=\"crta\" disabled=\"disabled\" value=\"YC\">&#8212;&#8212;&#8212;&#8212;&#8212;&#8212;&#8212;&#8212;&#8212;&#8212;&#8212;&#8212;&#8212;&#8212;&#8212;&#8212;&#8212;&#8212;-<\/option><option title=\"strip\" value=\"0TS\">Tekstualna gra\u0111a, strip<\/option><option title=\"projiciranu filmsku i video gra\u0111u (film, diafilm)\" value=\"0PF\">Projicirana filmska i video gra\u0111a (film, diafilm)<\/option><option title=\"kompjutorski medij\" value=\"0KM\">Kompjutorski medij<\/option><option title=\"av gra\u0111a - audio - cd\" value=\"AAC\">AV gra\u0111a, audio &#8211; CD<\/option><option title=\"av gra\u0111a - video - dvd\" value=\"AVD\">AV gra\u0111a, video &#8211; DVD<\/option><option title=\"kompjutorski medij cd\" value=\"KCD\">Kompjutorski medij, CD<\/option><option title=\"doktorati\" value=\"FDO\">Fakulteti, doktorske disertacije<\/option><option title=\"slikovnice\" value=\"L00\">Slikovnice<\/option><\/select><\/label><\/p>\n<p><input id=\"trazi\" tabindex=\"3\" name=\"trazi\" type=\"submit\" value=\"Tra\u017ei\" \/><\/p>\n<\/form>\n","protected":false},"excerpt":{"rendered":"<p>Op\u0107inska knji\u017enica Hrvatska \u010ditaonica Bol osnovana je 1985. godine. Zapo\u010dela je s fondom od 1 000 knjiga, a danas raspola\u017ee s 21 000 knjiga. Posebno mjesto zauzima zbirka knjiga, separata, monografija, kataloga, spisa, zbornika i drugih djela koja su na<a class=\"more-link\" href=\"http:\/\/hrvatska-citaonica-bol.hr\/?page_id=58\" title=\"Katalog knjiga\"><span>Pro\u010ditaj vi\u0161e&#8230;<\/span><\/a><\/p>\n","protected":false},"author":1,"featured_media":0,"parent":56,"menu_order":0,"comment_status":"closed","ping_status":"closed","template":"","meta":[],"_links":{"self":[{"href":"http:\/\/hrvatska-citaonica-bol.hr\/index.php?rest_route=\/wp\/v2\/pages\/58"}],"collection":[{"href":"http:\/\/hrvatska-citaonica-bol.hr\/index.php?rest_route=\/wp\/v2\/pages"}],"about":[{"href":"http:\/\/hrvatska-citaonica-bol.hr\/index.php?rest_route=\/wp\/v2\/types\/page"}],"author":[{"embeddable":true,"href":"http:\/\/hrvatska-citaonica-bol.hr\/index.php?rest_route=\/wp\/v2\/users\/1"}],"replies":[{"embeddable":true,"href":"http:\/\/hrvatska-citaonica-bol.hr\/index.php?rest_route=%2Fwp%2Fv2%2Fcomments&post=58"}],"version-history":[{"count":22,"href":"http:\/\/hrvatska-citaonica-bol.hr\/index.php?rest_route=\/wp\/v2\/pages\/58\/revisions"}],"predecessor-version":[{"id":1081,"href":"http:\/\/hrvatska-citaonica-bol.hr\/index.php?rest_route=\/wp\/v2\/pages\/58\/revisions\/1081"}],"up":[{"embeddable":true,"href":"http:\/\/hrvatska-citaonica-bol.hr\/index.php?rest_route=\/wp\/v2\/pages\/56"}],"wp:attachment":[{"href":"http:\/\/hrvatska-citaonica-bol.hr\/index.php?rest_route=%2Fwp%2Fv2%2Fmedia&parent=58"}],"curies":[{"name":"wp","href":"https:\/\/api.w.org\/{rel}","templated":true}]}}