{"id":60,"date":"2017-05-14T11:26:06","date_gmt":"2017-05-14T09:26:06","guid":{"rendered":"http:\/\/hrvatska-citaonica-bol.hr\/?page_id=60"},"modified":"2017-10-06T13:23:54","modified_gmt":"2017-10-06T11:23:54","slug":"obnova-zaduzenja","status":"publish","type":"page","link":"http:\/\/hrvatska-citaonica-bol.hr\/?page_id=60","title":{"rendered":"Obnova zadu\u017eenja"},"content":{"rendered":"<p>Cijenjeni korisnici, uz dosada\u0161nju mogu\u0107nost telefonskog produ\u017eenja posu\u0111ene knji\u017eni\u010dne gra\u0111e, na broj telefona 021 635 434, gra\u0111u mo\u017eete produ\u017eiti i e-mailom. Zahtjeve mo\u017eete slati na e-mail\u00a0adresu <a href=\"mailto:produzenje@hrvatska-citaonica-bol.hr\">produzenje@hrvatska-citaonica-bol.hr<\/a> ili ispuniti ovaj obrazac.<\/p>\n<p>&nbsp;<\/p>\n<div class=\"forma1\">[contact-form-7 id=&#8221;141&#8243; title=&#8221;Produ\u017eenje&#8221;]<\/div>\n","protected":false},"excerpt":{"rendered":"<p>Cijenjeni korisnici, uz dosada\u0161nju mogu\u0107nost telefonskog produ\u017eenja posu\u0111ene knji\u017eni\u010dne gra\u0111e, na broj telefona 021 635 434, gra\u0111u mo\u017eete produ\u017eiti i e-mailom. Zahtjeve mo\u017eete slati na e-mail\u00a0adresu produzenje@hrvatska-citaonica-bol.hr ili ispuniti ovaj obrazac. &nbsp; [contact-form-7 id=&#8221;141&#8243; title=&#8221;Produ\u017eenje&#8221;]<\/p>\n","protected":false},"author":1,"featured_media":0,"parent":56,"menu_order":0,"comment_status":"closed","ping_status":"closed","template":"","meta":[],"_links":{"self":[{"href":"http:\/\/hrvatska-citaonica-bol.hr\/index.php?rest_route=\/wp\/v2\/pages\/60"}],"collection":[{"href":"http:\/\/hrvatska-citaonica-bol.hr\/index.php?rest_route=\/wp\/v2\/pages"}],"about":[{"href":"http:\/\/hrvatska-citaonica-bol.hr\/index.php?rest_route=\/wp\/v2\/types\/page"}],"author":[{"embeddable":true,"href":"http:\/\/hrvatska-citaonica-bol.hr\/index.php?rest_route=\/wp\/v2\/users\/1"}],"replies":[{"embeddable":true,"href":"http:\/\/hrvatska-citaonica-bol.hr\/index.php?rest_route=%2Fwp%2Fv2%2Fcomments&post=60"}],"version-history":[{"count":10,"href":"http:\/\/hrvatska-citaonica-bol.hr\/index.php?rest_route=\/wp\/v2\/pages\/60\/revisions"}],"predecessor-version":[{"id":1082,"href":"http:\/\/hrvatska-citaonica-bol.hr\/index.php?rest_route=\/wp\/v2\/pages\/60\/revisions\/1082"}],"up":[{"embeddable":true,"href":"http:\/\/hrvatska-citaonica-bol.hr\/index.php?rest_route=\/wp\/v2\/pages\/56"}],"wp:attachment":[{"href":"http:\/\/hrvatska-citaonica-bol.hr\/index.php?rest_route=%2Fwp%2Fv2%2Fmedia&parent=60"}],"curies":[{"name":"wp","href":"https:\/\/api.w.org\/{rel}","templated":true}]}}