{"id":2,"date":"2017-05-14T01:05:34","date_gmt":"2017-05-13T23:05:34","guid":{"rendered":"http:\/\/hrvatska-citaonica-bol.hr\/?page_id=2"},"modified":"2020-02-05T11:39:51","modified_gmt":"2020-02-05T10:39:51","slug":"primjer-stranice","status":"publish","type":"page","link":"https:\/\/hrvatska-citaonica-bol.hr\/?page_id=2","title":{"rendered":"Povijest knji\u017enice"},"content":{"rendered":"<p><em>Hrvatska \u010ditaonica<\/em> je osnovana 1897. godine u ku\u0107i Boljanina Petra Nisetea.<br \/>\nGodine 1914. bolski na\u010delnik Antun Radi\u0107 inicira izgradnju zgrade <em>Hrvatske \u010ditaonice da bi dru\u0161tvo koje \u0107e u joj djelovati bilo ognji\u0161tem narodne svijesti, \u010duvarom narodnog ponosa i bakljono\u0161om prosvjete.<\/em>\u00a0U zlom vremenu prostor biva prenamijenjen u ugostiteljski, knjige otu\u0111ene, a arhiva uni\u0161tena.<br \/>\nProf. \u0110uro \u017duljevi\u0107 obnavlja rad <em>Hrvatske \u010ditaonice<\/em> 1985. god. i smje\u0161ta je u utvr\u0111enom ljetnikovcu, jednom od najljep\u0161ih primjeraka kasnog goti<span class=\"text_exposed_show\">\u010dkog graditeljstva na otoku. Kroz njezine lijepe kamene bifore puca pogled s juga prema Hvaru, a sa sjeverozapada na luku i sredi\u0161te mjesta okrunjeno planinskim vijencem Bolske krune, utvr\u0111enog Ko\u0161tila i Vidove gore, najvi\u0161eg vrha jadranskih otoka.<br \/>\nOd 1999. knji\u017enica je samostalna ustanova u kulturi. Potpuno je informatizirana, sva gra\u0111a je strojno obra\u0111ena i mogu\u0107e je samostalno pretra\u017eivati. Osim stalnih korisnika ima i veliki broj povremenih, tj. bolskih gostiju kojima, osim knji\u017eni\u010dnih, pru\u017ea i usluge interneta te obavijesti o svim kulturnim programima na otoku.<\/span><\/p>\n<p>Knji\u017enica je nositelj kulturnog razvoja, nakladnik, organizator ili suorganizator mnogih kulturnih projekata i doga\u0111anja u Bolu kao i producent vi\u0161e dokumentarnih filmova.<\/p>\n<p>&nbsp;<\/p>\n<p><img decoding=\"async\" loading=\"lazy\" class=\"size-large wp-image-1050 aligncenter\" src=\"http:\/\/hrvatska-citaonica-bol.hr\/wp-content\/uploads\/2017\/05\/KMBT_215_00902_0001-1024x694.jpg\" alt=\"\" width=\"710\" height=\"481\" srcset=\"https:\/\/hrvatska-citaonica-bol.hr\/wp-content\/uploads\/2017\/05\/KMBT_215_00902_0001-1024x694.jpg 1024w, https:\/\/hrvatska-citaonica-bol.hr\/wp-content\/uploads\/2017\/05\/KMBT_215_00902_0001-300x203.jpg 300w, https:\/\/hrvatska-citaonica-bol.hr\/wp-content\/uploads\/2017\/05\/KMBT_215_00902_0001-768x520.jpg 768w\" sizes=\"(max-width: 710px) 100vw, 710px\" \/><\/p>\n<p><img decoding=\"async\" loading=\"lazy\" class=\"size-full wp-image-1051 aligncenter\" src=\"http:\/\/hrvatska-citaonica-bol.hr\/wp-content\/uploads\/2017\/05\/File0002.jpg\" alt=\"\" width=\"485\" height=\"728\" srcset=\"https:\/\/hrvatska-citaonica-bol.hr\/wp-content\/uploads\/2017\/05\/File0002.jpg 485w, https:\/\/hrvatska-citaonica-bol.hr\/wp-content\/uploads\/2017\/05\/File0002-200x300.jpg 200w\" sizes=\"(max-width: 485px) 100vw, 485px\" \/><br \/>\n<img decoding=\"async\" loading=\"lazy\" class=\"size-full wp-image-1052 aligncenter\" src=\"http:\/\/hrvatska-citaonica-bol.hr\/wp-content\/uploads\/2017\/05\/189665_101797519904861_3853766_n-Copy.jpg\" alt=\"\" width=\"720\" height=\"540\" srcset=\"https:\/\/hrvatska-citaonica-bol.hr\/wp-content\/uploads\/2017\/05\/189665_101797519904861_3853766_n-Copy.jpg 720w, https:\/\/hrvatska-citaonica-bol.hr\/wp-content\/uploads\/2017\/05\/189665_101797519904861_3853766_n-Copy-300x225.jpg 300w\" sizes=\"(max-width: 720px) 100vw, 720px\" \/><\/p>\n","protected":false},"excerpt":{"rendered":"<p>Hrvatska \u010ditaonica je osnovana 1897. godine u ku\u0107i Boljanina Petra Nisetea. Godine 1914. bolski na\u010delnik Antun Radi\u0107 inicira izgradnju zgrade Hrvatske \u010ditaonice da bi dru\u0161tvo koje \u0107e u joj djelovati bilo ognji\u0161tem narodne svijesti, \u010duvarom narodnog ponosa i bakljono\u0161om prosvjete.\u00a0U<a class=\"more-link\" href=\"https:\/\/hrvatska-citaonica-bol.hr\/?page_id=2\" title=\"Povijest knji\u017enice\"><span>Pro\u010ditaj vi\u0161e&#8230;<\/span><\/a><\/p>\n","protected":false},"author":1,"featured_media":1050,"parent":38,"menu_order":1,"comment_status":"closed","ping_status":"closed","template":"","meta":[],"_links":{"self":[{"href":"https:\/\/hrvatska-citaonica-bol.hr\/index.php?rest_route=\/wp\/v2\/pages\/2"}],"collection":[{"href":"https:\/\/hrvatska-citaonica-bol.hr\/index.php?rest_route=\/wp\/v2\/pages"}],"about":[{"href":"https:\/\/hrvatska-citaonica-bol.hr\/index.php?rest_route=\/wp\/v2\/types\/page"}],"author":[{"embeddable":true,"href":"https:\/\/hrvatska-citaonica-bol.hr\/index.php?rest_route=\/wp\/v2\/users\/1"}],"replies":[{"embeddable":true,"href":"https:\/\/hrvatska-citaonica-bol.hr\/index.php?rest_route=%2Fwp%2Fv2%2Fcomments&post=2"}],"version-history":[{"count":11,"href":"https:\/\/hrvatska-citaonica-bol.hr\/index.php?rest_route=\/wp\/v2\/pages\/2\/revisions"}],"predecessor-version":[{"id":3503,"href":"https:\/\/hrvatska-citaonica-bol.hr\/index.php?rest_route=\/wp\/v2\/pages\/2\/revisions\/3503"}],"up":[{"embeddable":true,"href":"https:\/\/hrvatska-citaonica-bol.hr\/index.php?rest_route=\/wp\/v2\/pages\/38"}],"wp:featuredmedia":[{"embeddable":true,"href":"https:\/\/hrvatska-citaonica-bol.hr\/index.php?rest_route=\/wp\/v2\/media\/1050"}],"wp:attachment":[{"href":"https:\/\/hrvatska-citaonica-bol.hr\/index.php?rest_route=%2Fwp%2Fv2%2Fmedia&parent=2"}],"curies":[{"name":"wp","href":"https:\/\/api.w.org\/{rel}","templated":true}]}}