{"id":38,"date":"2017-05-14T11:15:19","date_gmt":"2017-05-14T09:15:19","guid":{"rendered":"http:\/\/hrvatska-citaonica-bol.hr\/?page_id=38"},"modified":"2020-02-05T11:57:10","modified_gmt":"2020-02-05T10:57:10","slug":"o-knjiznici","status":"publish","type":"page","link":"https:\/\/hrvatska-citaonica-bol.hr\/?page_id=38","title":{"rendered":"O knji\u017enici"},"content":{"rendered":"<p><strong>KNJI\u017dNICA U TURIZMU<\/strong><\/p>\n<p><strong>Biti svoj, originalan, stvarati svoj izvorni, originalni proizvod, ne biti kopija svijeta kojem nedostaje ma\u0161te i kreativnosti, napajati se sa nepresu\u0161nog vrela na\u0161eg bogatog kulturnog naslije\u0111a &#8211; na tome trebala temeljiti i strategija razvoja na\u0161ega turizma. To je jedini pravi put na\u0161e turisti\u010dke ponude, dakle, u prvom redu, valorizacija na\u0161e bogate kulturne ba\u0161tine.\u00a0<\/strong><strong>Odr\u017eivi razvoj ovih na\u0161ih prostora mogu\u0107 jedino kroz promicanje kulturnog turizma.<\/strong><\/p>\n<p><strong>Ve\u0107i programi od 1989. do 2017.<\/strong><\/p>\n<p><strong>1989. &#8211; Utemeljenje kulturne manifestacije &#8220;Bolsko lito&#8221;<\/strong> (od 1993. osmi\u0161ljavanje, planiranje, kontakt s izvo\u0111a\u010dima, vo\u0111enje programa, izrada scenografije, izrada i disperzija propagandnog materijala&#8230;odvija se u knji\u017enici gdje se \u010duva i cjelokupna arhiva), vo\u0111enje manifestacije do 2008.<\/p>\n<p><strong>1997. &#8211; Iniciranje osnivanja Podru\u010dnog odjela Glazbene \u0161kole Josipa Hatzea Split u Bolu,<\/strong> ure\u0111enje u\u010dionica, stana za profesore, nabava 5 pianina i jednog polukoncertnog klavira, skrb o organizaciji nastave i koncerata; u prostoru \u0161kole rade bolske klape i JAZZ radionica, a vi\u0161e godina organiziran je Be\u010dki operni studio, klavir se koristi za potrebe koncerata \u201eBolskog lita\u201c, vi\u0161e godina djelovala je \u017eenska klapa &#8220;Lirice&#8221;, arhiva se \u010duva u knji\u017enici.<\/p>\n<p><strong>Od 1997.\u00a0 &#8211; Organiziranje me\u0111unarodne dje\u010dje likovne radionice tijekom ljeta<\/strong>,<\/p>\n<p>voditelji su akademski umjetnici iz raznih hrv. gradova, do sada je poha\u0111alo oko 800 djece, izlo\u017ebe dje\u010djih radova, modne revije izra\u0111enih kostima, cipela, \u0161e\u0161ira, organiziranje izlo\u017ebe u Zagrebu i Splitu, Pittarelo koristio radove ka\u0161iranih cipela za ure\u0111enje izloga svojih du\u0107ana, u knji\u017enici se \u010duvaju najbolji radovi \u2013 dje\u010dja galerija.<\/p>\n<p><strong>1998<\/strong>. &#8211; iniciranje ure\u0111enja Paloca \u2013 Ku\u0107e u ku\u0107i kao bolskog kazali\u0161ta koje je radilo osam godina.<\/p>\n<p><strong>1999. \u2013 Sakupljanje gra\u0111e i obnavljanje bra\u010dke no\u0161nje<\/strong> (uz pomo\u0107 Etnografskog muzeja u Splitu), <strong>starih bra\u010dkih plesova i bolskog kola<\/strong> (uz pomo\u0107 koreografa Branka \u0160egovi\u0107a),<br \/>\n<strong>osnivanje folklorne dru\u017eine &#8220;Krejonca&#8221;<\/strong> koja je ostvarila brojne nastupe u mjestu (pogotovo u bolskim hotelima) i izvan njega (Murter, \u0160ibenik, Split, Ka\u0161tela, Metkovi\u0107, Zagreb, Vinkovci, \u0110akovo, Uzlop \u2013 Austrija&#8230;).<\/p>\n<p><strong>2001. &#8211; Iniciranje suradnje s \u201eFestivalom dalmatinskih klapa\u201c Omi\u0161 i organiziranje debitantskih ve\u010deri Festivala u Bolu<\/strong> (organizacija i realizacija programa do 2008., arhiva se \u010duva u knji\u017enici).<\/p>\n<p>Od 31.3. &#8211; 2. 6. <strong>2005. organiziranje multimedijalne radionice kazali\u0161ne skupine (profesionalaca) iz Njema\u010dke.<\/strong> koji su, osim na pripremama za indijsku turneju, radili i s na\u0161om djecom.<\/p>\n<p><strong>2009. &#8211; Osnivanje programa promid\u017ebe hrvatske kulture i umjetnosti HUM\/CROART.<\/strong><\/p>\n<p>Izvrsna suradnja s hotelskim animatorima, organizirano dovo\u0111enje djece na\u0161ih gostiju u knji\u017enicu, \u010ditanje pri\u010da hrv. autora prevedenih na strane jezike, \u010ditanje pri\u010de \u201eZlatnorata\u201c na vi\u0161e jezika na Zlatnom ratu, natjecanje u pri\u010danju pri\u010da na vi\u0161e jezika, predstavljanje zna\u010dajnih ljudi otoka Bra\u010da, predstavljanje mladih uspje\u0161nih bolskih intelektualaca.<\/p>\n<p><strong>Od 2014. &#8211; Bookcrossing \u2013 slobodna mala knji\u017enica<\/strong> na rivi.<\/p>\n<p><strong>Knji\u017eni\u010dni fundus sadr\u017ei literaturu na 8 stranih jezika.<\/strong><\/p>\n<p><strong>2014. &#8211; U suradnji sa akad. telev. i fim. snim. i redateljem \u0160imom Strikomanom snimljen kratki dokumentarni film \u201eBookbol\u201c <\/strong>koji pri\u010da pri\u010du o Bolu kao kulturnom, a zatim i turisti\u010dkom sredi\u0161tu i o nama koji u njemu \u017eivimo dvostrukim \u017eivotom: onim u sezoni i drugim izvan nje. Kad gosti odu, mi ne osje\u0107amo usamljenost jer uz nas ostaju na\u0161e knjige. Imamo prekrasnu knji\u017enicu s vrlo bogatim fundusom \u010dak na osam jezika i s dragocjenom\u00a0 zavi\u010dajnom zbirkom.<\/p>\n<p><strong>\u00a02015. <\/strong><strong>\u2013 Organizirana vi\u0161ejezi\u010dna, interaktivna, peripateti\u010dka predstava \u201eZmajevo selo\u201c<\/strong> u suradnji s Umjetni\u010dkom akademijom u Splitu i HNK Split o su\u017eivotu Murvi\u010dana i pustinjaka koji su obitavali u \u0161pilji i samostanima u brdu iznad sela od 15. do 20. stolje\u0107a, prikazana deset puta, posjetilo je 500 ljudi iz 15 zemalja.<br \/>\nTo je <strong>prva vi\u0161ejezi\u010dna predstava u Hrvatskoj.<\/strong><\/p>\n<p><strong>Akad. tel. i filmski snimatelj i redatelj \u0160ime Strikoman snimio je i fotografirao predstavu i napravio istoimeni film, a ja fotoknjigu.<\/strong><\/p>\n<p><strong>Film je na 19. me\u0111unarodnom festivalu turisti\u010dkog filma ITF CRO 2016 u Solinu nagra\u0111en kao najbolji film festivala u prikazu predstave tradicijskog \u017eivota u produkciji \u201eHrvatske \u010ditaonice\u201c<em>,<\/em> a Zbor turisti\u010dkih novinara i Hrvatska udruga turisti\u010dkih novinara i pisaca u turizmu FIJET Hrvatska dodijelila je \u0160imi Strikomanu prvu nagradu \u201eMarko Polo \u2013 slavni putopisac\u201c za najbolji turisti\u010dki film. <\/strong><\/p>\n<p>Na <strong>8. Festivalu Trsat<\/strong> &#8211; festival hrvatskih katoli\u010dkih filmova, kojega organizira Istra film iz Rijeke uz pomo\u0107 Turisti\u010dke zajednice Grada Rijeke, Primorsko-goranske \u017eupanije, Hrvatskog audivizualnog centra i Franjeva\u010dkog samostana Trsat, film \u0160ime Strikomana \u201eZmajevo selo\u201c nominiran je i prikazan u finalnoj ve\u010deri uz filmove Jo\u0161ka Maru\u0161i\u0107a i Jakova Sedlara.<\/p>\n<p><strong>2016.<\/strong> \u2013 <strong>U<\/strong> <strong>suradnji sa akad. telev. i fim. snim. i redateljem \u0160imom Strikomanom snimljen je kratki dokumentarni film \u201eBra\u010d: kamen i voda\u201c. <\/strong>U filmu su sadr\u017eana tri osnovna elementa na kojima bi se trebao temeljiti odr\u017eivi razvoj turizma na ovim na\u0161im prostorima: edukacija, osvje\u0161\u0107ivanje, u prvom redu djece i mladih, o vrijednosti i zna\u010daju naslije\u0111a, valorizacija na\u0161e bogate kulturne ba\u0161tine i njezina promid\u017eba kao osnova turisti\u010dke ponude. Krajnji cilj jest postizanje empatije kod na\u0161ih gostiju za percepcijom otoka Bra\u010da kao kulturne destinacije s cjelogodi\u0161njom ponudom.<\/p>\n<p><strong>\u00a02017., 2018. <\/strong><strong>&#8211; U okviru projekta \u201eTerra Croatica\u201c pod nazivom \u201eBro\u010dko blogo\u201c, autora \u0160ime Strikomana i Jadranke Neja\u0161mi\u0107, zapo\u010det je projekt snimanja 10 000 godina bra\u010dke kulturne povijesti. <\/strong><strong>Trebao bi to biti bajkoviti prikaz na\u0161ega otoka kroz fotografiju i fjabe, go\u010dice, legende, mitove&#8230;, jer \u201estvarnost i san na mojem su otoku nerazmrsivo spleteni\u201c. (P.\u0160imunovi\u0107).<br \/>\n<\/strong>Statisti su stanovnici lokaliteta na kojima se snima.<br \/>\nOd dvadesetak planiranih scena, pra\u0107enih tekstom, na svim bra\u010dkim narje\u010djima i prijevodom na engleski jezik, do sada su snimljene scene:<\/p>\n<p><em>Iliri na Bra\u010du &#8211; <\/em>na lokalitetu Lokve i na brdu Brkata kod Gornjega Humca<em>,<\/em><br \/>\n<em> Rimljani na Bra\u010du \u2013 <\/em>branje kamena i prinos \u017ertve bogu Herkulu u rimskom kamenolomu Rasohe pored Splitske<br \/>\ni izrada sarkofaga u \u0160kripu,<br \/>\n<em> Bro\u010dke vile &#8211; <\/em>na lokalitetu Korita podno Vidove gore,<br \/>\n<em> Kolo\u010d i maci\u0107i <\/em>&#8211; pored Nere\u017ei\u0161\u0107a,<br \/>\n<em> Orkomarin u Veloj Slatini &#8211; <\/em>pored Murvice,<br \/>\n<em> Juraj Dalmatinac na Bra\u010du &#8211; <\/em>u pu\u010di\u0161kom kamenolomu i u \u017eupnoj crkvi u Gornjem Humcu,<br \/>\n<em> Illyrios Brentos, nimfe i Delamtika &#8211;<\/em> pored Nadsela,<br \/>\n<em> Pru\u017e&#8217; ruku, Bo\u017ee! &#8211; <\/em>blagoslov ribara, mre\u017ea i brodova na Tijelovo u Bolu,<br \/>\n<em> Povaljska listina &#8211; krsni list otoka Bra\u010da &#8211; <\/em>u dominikanskom samostanu u Bolu,<br \/>\n<em> Gospa Karmelska &#8211; <\/em>u Nere\u017ei\u0161\u0107ima,<br \/>\n<em> Zvirine stope \u2013 <\/em>podno Vidove gore<em>,<\/em><br \/>\n<em> Sv. Juraj u Stra\u017eevniku &#8211; blagoslov poja \u2013 <\/em>blizu Pra\u017enica<br \/>\n<em> Jurjevski kris na Jurjevu bardu &#8211; blizu Nere\u017ei\u0161\u0107a,<\/em><br \/>\n<em> Ranokr\u0161\u0107ansko kr\u0161tenje u Lovre\u010dini \u2013 <\/em>blizu Postira,<br \/>\n<em> Zmajeva \u0161pilja &#8211; bra\u010dka Sikstina,<\/em><br \/>\n<em> Pustinja\u010dki samostan Dra\u010deva luka i samostan picokara Duti\u0107,<\/em><br \/>\n<em> Rendi\u0107ev kampanel u Lo\u017ei\u0161\u0107u \u2013 Kralj svih Kampanela,<\/em><br \/>\n<em> Bazilika u Povljima, klesanje Povaljskog praga i legenda o sv. Ivanu Povaljskom.<\/em><\/p>\n<p>&nbsp;<\/p>\n<p>&nbsp;<\/p>\n<p><img decoding=\"async\" loading=\"lazy\" class=\"aligncenter size-full wp-image-1396\" src=\"http:\/\/hrvatska-citaonica-bol.hr\/wp-content\/uploads\/2018\/11\/Roni.ws-RMP_7581.jpg\" alt=\"\" width=\"800\" height=\"534\" srcset=\"https:\/\/hrvatska-citaonica-bol.hr\/wp-content\/uploads\/2018\/11\/Roni.ws-RMP_7581.jpg 800w, https:\/\/hrvatska-citaonica-bol.hr\/wp-content\/uploads\/2018\/11\/Roni.ws-RMP_7581-300x200.jpg 300w, https:\/\/hrvatska-citaonica-bol.hr\/wp-content\/uploads\/2018\/11\/Roni.ws-RMP_7581-768x513.jpg 768w, https:\/\/hrvatska-citaonica-bol.hr\/wp-content\/uploads\/2018\/11\/Roni.ws-RMP_7581-450x300.jpg 450w\" sizes=\"(max-width: 800px) 100vw, 800px\" \/><\/p>\n<p><img decoding=\"async\" loading=\"lazy\" class=\"aligncenter size-full wp-image-1397\" src=\"http:\/\/hrvatska-citaonica-bol.hr\/wp-content\/uploads\/2018\/11\/Roni.ws_HDR2.jpg\" alt=\"\" width=\"800\" height=\"485\" srcset=\"https:\/\/hrvatska-citaonica-bol.hr\/wp-content\/uploads\/2018\/11\/Roni.ws_HDR2.jpg 800w, https:\/\/hrvatska-citaonica-bol.hr\/wp-content\/uploads\/2018\/11\/Roni.ws_HDR2-300x182.jpg 300w, https:\/\/hrvatska-citaonica-bol.hr\/wp-content\/uploads\/2018\/11\/Roni.ws_HDR2-768x466.jpg 768w\" sizes=\"(max-width: 800px) 100vw, 800px\" \/><\/p>\n<p>&nbsp;<\/p>\n<p>&nbsp;<\/p>\n<p>&nbsp;<\/p>\n<p>&nbsp;<\/p>\n<p>&nbsp;<\/p>\n<p>&nbsp;<\/p>\n<p>&nbsp;<\/p>\n","protected":false},"excerpt":{"rendered":"<p>KNJI\u017dNICA U TURIZMU Biti svoj, originalan, stvarati svoj izvorni, originalni proizvod, ne biti kopija svijeta kojem nedostaje ma\u0161te i kreativnosti, napajati se sa nepresu\u0161nog vrela na\u0161eg bogatog kulturnog naslije\u0111a &#8211; na tome trebala temeljiti i strategija razvoja na\u0161ega turizma. To<a class=\"more-link\" href=\"https:\/\/hrvatska-citaonica-bol.hr\/?page_id=38\" title=\"O knji\u017enici\"><span>Pro\u010ditaj vi\u0161e&#8230;<\/span><\/a><\/p>\n","protected":false},"author":1,"featured_media":1088,"parent":0,"menu_order":0,"comment_status":"closed","ping_status":"closed","template":"","meta":[],"_links":{"self":[{"href":"https:\/\/hrvatska-citaonica-bol.hr\/index.php?rest_route=\/wp\/v2\/pages\/38"}],"collection":[{"href":"https:\/\/hrvatska-citaonica-bol.hr\/index.php?rest_route=\/wp\/v2\/pages"}],"about":[{"href":"https:\/\/hrvatska-citaonica-bol.hr\/index.php?rest_route=\/wp\/v2\/types\/page"}],"author":[{"embeddable":true,"href":"https:\/\/hrvatska-citaonica-bol.hr\/index.php?rest_route=\/wp\/v2\/users\/1"}],"replies":[{"embeddable":true,"href":"https:\/\/hrvatska-citaonica-bol.hr\/index.php?rest_route=%2Fwp%2Fv2%2Fcomments&post=38"}],"version-history":[{"count":11,"href":"https:\/\/hrvatska-citaonica-bol.hr\/index.php?rest_route=\/wp\/v2\/pages\/38\/revisions"}],"predecessor-version":[{"id":2329,"href":"https:\/\/hrvatska-citaonica-bol.hr\/index.php?rest_route=\/wp\/v2\/pages\/38\/revisions\/2329"}],"wp:featuredmedia":[{"embeddable":true,"href":"https:\/\/hrvatska-citaonica-bol.hr\/index.php?rest_route=\/wp\/v2\/media\/1088"}],"wp:attachment":[{"href":"https:\/\/hrvatska-citaonica-bol.hr\/index.php?rest_route=%2Fwp%2Fv2%2Fmedia&parent=38"}],"curies":[{"name":"wp","href":"https:\/\/api.w.org\/{rel}","templated":true}]}}