{"id":70,"date":"2017-05-14T11:35:55","date_gmt":"2017-05-14T09:35:55","guid":{"rendered":"http:\/\/hrvatska-citaonica-bol.hr\/?page_id=70"},"modified":"2024-12-19T13:49:06","modified_gmt":"2024-12-19T12:49:06","slug":"radno-vrijeme","status":"publish","type":"page","link":"https:\/\/hrvatska-citaonica-bol.hr\/?page_id=70","title":{"rendered":"Radno vrijeme"},"content":{"rendered":"<p>Radno vrijeme je od ponedjeljka do petka od 8.00 do 14.30 sati, stanka je od 10.30 do 11.00 sati.<\/p>\n<p>Knji\u017enica ne\u0107e raditi od 24. 12. 2024. do 4. 1. 2025.<\/p>\n<p>Podsje\u0107am vas da se na ovoj web stranici nalazi e-katalog.<br \/>\nInformirajte se, prona\u0111ite svoju knjigu, naru\u010dite je!<\/p>\n<p>Mail: hrvatska.citaonica.bol@gmail.com<br \/>\nTelefon: 021 635 434, mob.: 098 1811 220 ili 091 164 3750<\/p>\n<p><em>Ostati ravnodu\u0161an prema knjizi zna\u010di lakomisleno osiroma\u0161iti svoj \u017eivot.<\/em> (I. Andri\u0107)<\/p>\n<p><em>Jedina stvar koju sa sigurno\u0161\u0107u mora\u0161 znati je: lokacija knji\u017enice.<\/em>\u00a0 (Albert Einstein)<\/p>\n<h3><strong>\u00a0<\/strong><\/h3>\n","protected":false},"excerpt":{"rendered":"<p>Radno vrijeme je od ponedjeljka do petka od 8.00 do 14.30 sati, stanka je od 10.30 do 11.00 sati. Knji\u017enica ne\u0107e raditi od 24. 12. 2024. do 4. 1. 2025. Podsje\u0107am vas da se na ovoj web stranici nalazi e-katalog.<a class=\"more-link\" href=\"https:\/\/hrvatska-citaonica-bol.hr\/?page_id=70\" title=\"Radno vrijeme\"><span>Pro\u010ditaj vi\u0161e&#8230;<\/span><\/a><\/p>\n","protected":false},"author":1,"featured_media":0,"parent":38,"menu_order":5,"comment_status":"closed","ping_status":"closed","template":"","meta":[],"_links":{"self":[{"href":"https:\/\/hrvatska-citaonica-bol.hr\/index.php?rest_route=\/wp\/v2\/pages\/70"}],"collection":[{"href":"https:\/\/hrvatska-citaonica-bol.hr\/index.php?rest_route=\/wp\/v2\/pages"}],"about":[{"href":"https:\/\/hrvatska-citaonica-bol.hr\/index.php?rest_route=\/wp\/v2\/types\/page"}],"author":[{"embeddable":true,"href":"https:\/\/hrvatska-citaonica-bol.hr\/index.php?rest_route=\/wp\/v2\/users\/1"}],"replies":[{"embeddable":true,"href":"https:\/\/hrvatska-citaonica-bol.hr\/index.php?rest_route=%2Fwp%2Fv2%2Fcomments&post=70"}],"version-history":[{"count":37,"href":"https:\/\/hrvatska-citaonica-bol.hr\/index.php?rest_route=\/wp\/v2\/pages\/70\/revisions"}],"predecessor-version":[{"id":4562,"href":"https:\/\/hrvatska-citaonica-bol.hr\/index.php?rest_route=\/wp\/v2\/pages\/70\/revisions\/4562"}],"up":[{"embeddable":true,"href":"https:\/\/hrvatska-citaonica-bol.hr\/index.php?rest_route=\/wp\/v2\/pages\/38"}],"wp:attachment":[{"href":"https:\/\/hrvatska-citaonica-bol.hr\/index.php?rest_route=%2Fwp%2Fv2%2Fmedia&parent=70"}],"curies":[{"name":"wp","href":"https:\/\/api.w.org\/{rel}","templated":true}]}}